{"id":2,"date":"2025-04-09T16:26:17","date_gmt":"2025-04-09T16:26:17","guid":{"rendered":"https:\/\/sanantonokindegia.rkinformatika.online\/?page_id=2"},"modified":"2025-04-22T09:14:37","modified_gmt":"2025-04-22T09:14:37","slug":"inicio","status":"publish","type":"page","link":"https:\/\/sanantonokindegia.com\/eu\/","title":{"rendered":"Hasiera"},"content":{"rendered":"\t\t<div data-elementor-type=\"wp-page\" data-elementor-id=\"2\" class=\"elementor elementor-2\" data-elementor-post-type=\"page\">\n\t\t\t\t<div class=\"elementor-element elementor-element-559ccac e-con-full e-flex e-con e-parent\" data-id=\"559ccac\" data-element_type=\"container\" data-e-type=\"container\" data-settings=\"{&quot;background_background&quot;:&quot;classic&quot;,&quot;background_motion_fx_motion_fx_scrolling&quot;:&quot;yes&quot;,&quot;background_motion_fx_devices&quot;:[&quot;desktop&quot;,&quot;tablet&quot;,&quot;mobile&quot;]}\">\n\t\t\t\t<div class=\"elementor-element elementor-element-cf21868 animated-slow elementor-invisible elementor-widget elementor-widget-heading\" data-id=\"cf21868\" data-element_type=\"widget\" data-e-type=\"widget\" data-settings=\"{&quot;_animation&quot;:&quot;fadeIn&quot;}\" data-widget_type=\"heading.default\">\n\t\t\t\t<div class=\"elementor-widget-container\">\n\t\t\t\t\t<h2 class=\"elementor-heading-title elementor-size-default\">Bienvenidos a San Anton Okindegia<\/h2>\t\t\t\t<\/div>\n\t\t\t\t<\/div>\n\t\t\t\t<div class=\"elementor-element elementor-element-7b3237c animated-slow elementor-invisible elementor-widget elementor-widget-heading\" data-id=\"7b3237c\" data-element_type=\"widget\" data-e-type=\"widget\" data-settings=\"{&quot;_animation&quot;:&quot;fadeIn&quot;}\" data-widget_type=\"heading.default\">\n\t\t\t\t<div class=\"elementor-widget-container\">\n\t\t\t\t\t<h2 class=\"elementor-heading-title elementor-size-default\">Tu caf\u00e9, tu momento.<\/h2>\t\t\t\t<\/div>\n\t\t\t\t<\/div>\n\t\t\t\t<div class=\"elementor-element elementor-element-60d01fa elementor-align-center animated-slow elementor-invisible elementor-widget elementor-widget-button\" data-id=\"60d01fa\" data-element_type=\"widget\" data-e-type=\"widget\" data-settings=\"{&quot;_animation&quot;:&quot;fadeInUp&quot;}\" data-widget_type=\"button.default\">\n\t\t\t\t<div class=\"elementor-widget-container\">\n\t\t\t\t\t\t\t\t\t<div class=\"elementor-button-wrapper\">\n\t\t\t\t\t<a class=\"elementor-button elementor-button-link elementor-size-sm\" href=\"tel:%20946%20005%20209\">\n\t\t\t\t\t\t<span class=\"elementor-button-content-wrapper\">\n\t\t\t\t\t\t\t\t\t<span class=\"elementor-button-text\">Ll\u00e1manos<\/span>\n\t\t\t\t\t<\/span>\n\t\t\t\t\t<\/a>\n\t\t\t\t<\/div>\n\t\t\t\t\t\t\t\t<\/div>\n\t\t\t\t<\/div>\n\t\t\t\t<\/div>\n\t\t<div class=\"elementor-element elementor-element-59beccb e-flex e-con-boxed e-con e-parent\" data-id=\"59beccb\" data-element_type=\"container\" data-e-type=\"container\">\n\t\t\t\t\t<div class=\"e-con-inner\">\n\t\t<div class=\"elementor-element elementor-element-a90c337 e-con-full e-flex e-con e-child\" data-id=\"a90c337\" data-element_type=\"container\" data-e-type=\"container\">\n\t\t\t\t<div class=\"elementor-element elementor-element-32a5966 elementor-widget elementor-widget-heading\" data-id=\"32a5966\" data-element_type=\"widget\" data-e-type=\"widget\" data-widget_type=\"heading.default\">\n\t\t\t\t<div class=\"elementor-widget-container\">\n\t\t\t\t\t<h2 class=\"elementor-heading-title elementor-size-default\">Nosotros<\/h2>\t\t\t\t<\/div>\n\t\t\t\t<\/div>\n\t\t\t\t<div class=\"elementor-element elementor-element-be35e00 elementor-widget elementor-widget-text-editor\" data-id=\"be35e00\" data-element_type=\"widget\" data-e-type=\"widget\" data-widget_type=\"text-editor.default\">\n\t\t\t\t<div class=\"elementor-widget-container\">\n\t\t\t\t\t\t\t\t\t<p>Somos una cafeter\u00eda ubicada dentro del mercado de abastos, donde desde 1995 hemos sido el punto de encuentro ideal para quienes disfrutan empezar el d\u00eda con un buen desayuno. Y cuando llega el mediod\u00eda, nada mejor que acompa\u00f1ar la compra de tus v\u00edveres con una copa de vino o una ca\u00f1a bien tirada, en un ambiente cercano y aut\u00e9ntico que invita a tomarse un respiro entre el bullicio del mercado.<\/p>\t\t\t\t\t\t\t\t<\/div>\n\t\t\t\t<\/div>\n\t\t\t\t<\/div>\n\t\t<div class=\"elementor-element elementor-element-9cdb8cd e-con-full e-flex e-con e-child\" data-id=\"9cdb8cd\" data-element_type=\"container\" data-e-type=\"container\">\n\t\t\t\t<div class=\"elementor-element elementor-element-0cf310a elementor-widget elementor-widget-image\" data-id=\"0cf310a\" data-element_type=\"widget\" data-e-type=\"widget\" data-widget_type=\"image.default\">\n\t\t\t\t<div class=\"elementor-widget-container\">\n\t\t\t\t\t\t\t\t\t\t\t\t\t\t\t<img decoding=\"async\" src=\"https:\/\/sanantonokindegia.com\/wp-content\/uploads\/2025\/04\/coffee-beans-background-roasted-coffee-concept-with-differents-types-of-coffee-coffee-beans-and-ci-e1744278503836.jpg\" title=\"Coffee beans background. Roasted Coffee concept with differents types of coffee, coffee beans and ci\" alt=\"Coffee beans background. Roasted Coffee concept with differents types of coffee, coffee beans and ci\" loading=\"lazy\" \/>\t\t\t\t\t\t\t\t\t\t\t\t\t\t\t<\/div>\n\t\t\t\t<\/div>\n\t\t\t\t<\/div>\n\t\t\t\t\t<\/div>\n\t\t\t\t<\/div>\n\t\t<div class=\"elementor-element elementor-element-13c4b41 e-con-full e-flex e-con e-parent\" data-id=\"13c4b41\" data-element_type=\"container\" data-e-type=\"container\" data-settings=\"{&quot;background_background&quot;:&quot;classic&quot;}\">\n\t\t\t\t<div class=\"elementor-element elementor-element-57ec1d8 animated-slow elementor-invisible elementor-widget elementor-widget-heading\" data-id=\"57ec1d8\" data-element_type=\"widget\" data-e-type=\"widget\" data-settings=\"{&quot;_animation&quot;:&quot;fadeIn&quot;}\" data-widget_type=\"heading.default\">\n\t\t\t\t<div class=\"elementor-widget-container\">\n\t\t\t\t\t<h2 class=\"elementor-heading-title elementor-size-default\">Descubre todo lo que tenemos preparado para ti.<\/h2>\t\t\t\t<\/div>\n\t\t\t\t<\/div>\n\t\t\t\t<div class=\"elementor-element elementor-element-329230e elementor-align-center animated-slow elementor-widget elementor-widget-button\" data-id=\"329230e\" data-element_type=\"widget\" data-e-type=\"widget\" data-settings=\"{&quot;_animation&quot;:&quot;none&quot;}\" data-widget_type=\"button.default\">\n\t\t\t\t<div class=\"elementor-widget-container\">\n\t\t\t\t\t\t\t\t\t<div class=\"elementor-button-wrapper\">\n\t\t\t\t\t<a class=\"elementor-button elementor-button-link elementor-size-sm\" href=\"https:\/\/sanantonokindegia.com\/servicio\/\">\n\t\t\t\t\t\t<span class=\"elementor-button-content-wrapper\">\n\t\t\t\t\t\t\t\t\t<span class=\"elementor-button-text\">Ver Servicios<\/span>\n\t\t\t\t\t<\/span>\n\t\t\t\t\t<\/a>\n\t\t\t\t<\/div>\n\t\t\t\t\t\t\t\t<\/div>\n\t\t\t\t<\/div>\n\t\t\t\t<\/div>\n\t\t\t\t<\/div>\n\t\t","protected":false},"excerpt":{"rendered":"<p>Bienvenidos a San Anton Okindegia Tu caf\u00e9, tu momento. Ll\u00e1manos Nosotros Somos una cafeter\u00eda ubicada dentro del mercado de abastos, donde desde 1995 hemos sido el punto de encuentro ideal para quienes disfrutan empezar el d\u00eda con un buen desayuno. Y cuando llega el mediod\u00eda, nada mejor que acompa\u00f1ar la compra de tus v\u00edveres con [&hellip;]<\/p>\n","protected":false},"author":1,"featured_media":0,"parent":0,"menu_order":0,"comment_status":"closed","ping_status":"closed","template":"elementor_canvas","meta":{"footnotes":""},"class_list":["post-2","page","type-page","status-publish","hentry"],"yoast_head":"<!-- This site is optimized with the Yoast SEO plugin v27.4 - https:\/\/yoast.com\/product\/yoast-seo-wordpress\/ -->\n<title>Inicio - San Anton Okindegia<\/title>\n<meta name=\"robots\" content=\"index, follow, max-snippet:-1, max-image-preview:large, max-video-preview:-1\" \/>\n<link rel=\"canonical\" href=\"https:\/\/sanantonokindegia.com\/eu\/\" \/>\n<meta property=\"og:locale\" content=\"en_US\" \/>\n<meta property=\"og:type\" content=\"article\" \/>\n<meta property=\"og:title\" content=\"Inicio - San Anton Okindegia\" \/>\n<meta property=\"og:description\" content=\"Bienvenidos a San Anton Okindegia Tu caf\u00e9, tu momento. Ll\u00e1manos Nosotros Somos una cafeter\u00eda ubicada dentro del mercado de abastos, donde desde 1995 hemos sido el punto de encuentro ideal para quienes disfrutan empezar el d\u00eda con un buen desayuno. Y cuando llega el mediod\u00eda, nada mejor que acompa\u00f1ar la compra de tus v\u00edveres con [&hellip;]\" \/>\n<meta property=\"og:url\" content=\"https:\/\/sanantonokindegia.com\/eu\/\" \/>\n<meta property=\"og:site_name\" content=\"San Anton Okindegia\" \/>\n<meta property=\"article:modified_time\" content=\"2025-04-22T09:14:37+00:00\" \/>\n<meta property=\"og:image\" content=\"https:\/\/sanantonokindegia.com\/wp-content\/uploads\/2025\/04\/coffee-beans-background-roasted-coffee-concept-with-differents-types-of-coffee-coffee-beans-and-ci-e1744278503836.jpg\" \/>\n<meta name=\"twitter:card\" content=\"summary_large_image\" \/>\n<meta name=\"twitter:label1\" content=\"Est. reading time\" \/>\n\t<meta name=\"twitter:data1\" content=\"1 minutua\" \/>\n<script type=\"application\/ld+json\" class=\"yoast-schema-graph\">{\"@context\":\"https:\\\/\\\/schema.org\",\"@graph\":[{\"@type\":\"WebPage\",\"@id\":\"https:\\\/\\\/sanantonokindegia.com\\\/\",\"url\":\"https:\\\/\\\/sanantonokindegia.com\\\/\",\"name\":\"Inicio - San Anton Okindegia\",\"isPartOf\":{\"@id\":\"https:\\\/\\\/sanantonokindegia.com\\\/#website\"},\"primaryImageOfPage\":{\"@id\":\"https:\\\/\\\/sanantonokindegia.com\\\/#primaryimage\"},\"image\":{\"@id\":\"https:\\\/\\\/sanantonokindegia.com\\\/#primaryimage\"},\"thumbnailUrl\":\"https:\\\/\\\/sanantonokindegia.com\\\/wp-content\\\/uploads\\\/2025\\\/04\\\/coffee-beans-background-roasted-coffee-concept-with-differents-types-of-coffee-coffee-beans-and-ci-e1744278503836.jpg\",\"datePublished\":\"2025-04-09T16:26:17+00:00\",\"dateModified\":\"2025-04-22T09:14:37+00:00\",\"breadcrumb\":{\"@id\":\"https:\\\/\\\/sanantonokindegia.com\\\/#breadcrumb\"},\"inLanguage\":\"eu\",\"potentialAction\":[{\"@type\":\"ReadAction\",\"target\":[\"https:\\\/\\\/sanantonokindegia.com\\\/\"]}]},{\"@type\":\"ImageObject\",\"inLanguage\":\"eu\",\"@id\":\"https:\\\/\\\/sanantonokindegia.com\\\/#primaryimage\",\"url\":\"https:\\\/\\\/sanantonokindegia.com\\\/wp-content\\\/uploads\\\/2025\\\/04\\\/coffee-beans-background-roasted-coffee-concept-with-differents-types-of-coffee-coffee-beans-and-ci-e1744278503836.jpg\",\"contentUrl\":\"https:\\\/\\\/sanantonokindegia.com\\\/wp-content\\\/uploads\\\/2025\\\/04\\\/coffee-beans-background-roasted-coffee-concept-with-differents-types-of-coffee-coffee-beans-and-ci-e1744278503836.jpg\"},{\"@type\":\"BreadcrumbList\",\"@id\":\"https:\\\/\\\/sanantonokindegia.com\\\/#breadcrumb\",\"itemListElement\":[{\"@type\":\"ListItem\",\"position\":1,\"name\":\"Portada\",\"item\":\"https:\\\/\\\/sanantonokindegia.com\\\/\"},{\"@type\":\"ListItem\",\"position\":2,\"name\":\"Inicio\"}]},{\"@type\":\"WebSite\",\"@id\":\"https:\\\/\\\/sanantonokindegia.com\\\/#website\",\"url\":\"https:\\\/\\\/sanantonokindegia.com\\\/\",\"name\":\"San Anton Okindegia\",\"description\":\"Cafeteria en el mismo mercado de abastos, desde 1995, donde poder disfrutar del desayuno por la ma\u00f1ana y por el medio dia de un rico vinito o una buena ca\u00f1a mientras haces la compra de tus v\u00edveres\",\"potentialAction\":[{\"@type\":\"SearchAction\",\"target\":{\"@type\":\"EntryPoint\",\"urlTemplate\":\"https:\\\/\\\/sanantonokindegia.com\\\/?s={search_term_string}\"},\"query-input\":{\"@type\":\"PropertyValueSpecification\",\"valueRequired\":true,\"valueName\":\"search_term_string\"}}],\"inLanguage\":\"eu\"}]}<\/script>\n<!-- \/ Yoast SEO plugin. -->","yoast_head_json":{"title":"Inicio - San Anton Okindegia","robots":{"index":"index","follow":"follow","max-snippet":"max-snippet:-1","max-image-preview":"max-image-preview:large","max-video-preview":"max-video-preview:-1"},"canonical":"https:\/\/sanantonokindegia.com\/eu\/","og_locale":"en_US","og_type":"article","og_title":"Inicio - San Anton Okindegia","og_description":"Bienvenidos a San Anton Okindegia Tu caf\u00e9, tu momento. Ll\u00e1manos Nosotros Somos una cafeter\u00eda ubicada dentro del mercado de abastos, donde desde 1995 hemos sido el punto de encuentro ideal para quienes disfrutan empezar el d\u00eda con un buen desayuno. Y cuando llega el mediod\u00eda, nada mejor que acompa\u00f1ar la compra de tus v\u00edveres con [&hellip;]","og_url":"https:\/\/sanantonokindegia.com\/eu\/","og_site_name":"San Anton Okindegia","article_modified_time":"2025-04-22T09:14:37+00:00","og_image":[{"url":"https:\/\/sanantonokindegia.com\/wp-content\/uploads\/2025\/04\/coffee-beans-background-roasted-coffee-concept-with-differents-types-of-coffee-coffee-beans-and-ci-e1744278503836.jpg","type":"","width":"","height":""}],"twitter_card":"summary_large_image","twitter_misc":{"Est. reading time":"1 minutua"},"schema":{"@context":"https:\/\/schema.org","@graph":[{"@type":"WebPage","@id":"https:\/\/sanantonokindegia.com\/","url":"https:\/\/sanantonokindegia.com\/","name":"Inicio - San Anton Okindegia","isPartOf":{"@id":"https:\/\/sanantonokindegia.com\/#website"},"primaryImageOfPage":{"@id":"https:\/\/sanantonokindegia.com\/#primaryimage"},"image":{"@id":"https:\/\/sanantonokindegia.com\/#primaryimage"},"thumbnailUrl":"https:\/\/sanantonokindegia.com\/wp-content\/uploads\/2025\/04\/coffee-beans-background-roasted-coffee-concept-with-differents-types-of-coffee-coffee-beans-and-ci-e1744278503836.jpg","datePublished":"2025-04-09T16:26:17+00:00","dateModified":"2025-04-22T09:14:37+00:00","breadcrumb":{"@id":"https:\/\/sanantonokindegia.com\/#breadcrumb"},"inLanguage":"eu","potentialAction":[{"@type":"ReadAction","target":["https:\/\/sanantonokindegia.com\/"]}]},{"@type":"ImageObject","inLanguage":"eu","@id":"https:\/\/sanantonokindegia.com\/#primaryimage","url":"https:\/\/sanantonokindegia.com\/wp-content\/uploads\/2025\/04\/coffee-beans-background-roasted-coffee-concept-with-differents-types-of-coffee-coffee-beans-and-ci-e1744278503836.jpg","contentUrl":"https:\/\/sanantonokindegia.com\/wp-content\/uploads\/2025\/04\/coffee-beans-background-roasted-coffee-concept-with-differents-types-of-coffee-coffee-beans-and-ci-e1744278503836.jpg"},{"@type":"BreadcrumbList","@id":"https:\/\/sanantonokindegia.com\/#breadcrumb","itemListElement":[{"@type":"ListItem","position":1,"name":"Portada","item":"https:\/\/sanantonokindegia.com\/"},{"@type":"ListItem","position":2,"name":"Inicio"}]},{"@type":"WebSite","@id":"https:\/\/sanantonokindegia.com\/#website","url":"https:\/\/sanantonokindegia.com\/","name":"San Anton Okindegia","description":"Cafeteria en el mismo mercado de abastos, desde 1995, donde poder disfrutar del desayuno por la ma\u00f1ana y por el medio dia de un rico vinito o una buena ca\u00f1a mientras haces la compra de tus v\u00edveres","potentialAction":[{"@type":"SearchAction","target":{"@type":"EntryPoint","urlTemplate":"https:\/\/sanantonokindegia.com\/?s={search_term_string}"},"query-input":{"@type":"PropertyValueSpecification","valueRequired":true,"valueName":"search_term_string"}}],"inLanguage":"eu"}]}},"_links":{"self":[{"href":"https:\/\/sanantonokindegia.com\/eu\/wp-json\/wp\/v2\/pages\/2","targetHints":{"allow":["GET"]}}],"collection":[{"href":"https:\/\/sanantonokindegia.com\/eu\/wp-json\/wp\/v2\/pages"}],"about":[{"href":"https:\/\/sanantonokindegia.com\/eu\/wp-json\/wp\/v2\/types\/page"}],"author":[{"embeddable":true,"href":"https:\/\/sanantonokindegia.com\/eu\/wp-json\/wp\/v2\/users\/1"}],"replies":[{"embeddable":true,"href":"https:\/\/sanantonokindegia.com\/eu\/wp-json\/wp\/v2\/comments?post=2"}],"version-history":[{"count":76,"href":"https:\/\/sanantonokindegia.com\/eu\/wp-json\/wp\/v2\/pages\/2\/revisions"}],"predecessor-version":[{"id":433,"href":"https:\/\/sanantonokindegia.com\/eu\/wp-json\/wp\/v2\/pages\/2\/revisions\/433"}],"wp:attachment":[{"href":"https:\/\/sanantonokindegia.com\/eu\/wp-json\/wp\/v2\/media?parent=2"}],"curies":[{"name":"wp","href":"https:\/\/api.w.org\/{rel}","templated":true}]}}